{"id":19,"date":"2020-06-02T17:41:08","date_gmt":"2020-06-02T15:41:08","guid":{"rendered":"http:\/\/lestroispoints.com\/?page_id=19"},"modified":"2020-12-02T15:36:07","modified_gmt":"2020-12-02T14:36:07","slug":"a-propos","status":"publish","type":"page","link":"https:\/\/lestroispoints.com\/index.php\/a-propos\/","title":{"rendered":"A Propos"},"content":{"rendered":"\n<p style=\"font-size:15px\"><strong>Les Trois Points <\/strong>est un podcast ind\u00e9pendant sur nos v\u00e9cus anarchistes. C\u2019est un projet collaboratif, anarchiste et libertaire. Il a \u00e9t\u00e9 cr\u00e9\u00e9 sur une id\u00e9e de <strong><a rel=\"noreferrer noopener\" href=\"https:\/\/linktr.ee\/bartleby_bye\" data-type=\"URL\" data-id=\"https:\/\/linktr.ee\/bartleby_bye\" target=\"_blank\">Bart Leby<\/a> <\/strong>et <strong><a href=\"https:\/\/twitter.com\/Pandalatesta\" data-type=\"URL\" data-id=\"https:\/\/twitter.com\/Pandalatesta\">Pandalatesta<\/a><\/strong>.<\/p>\n\n\n\n<p style=\"font-size:15px\">Il n&rsquo;aurait pas pu voir le jour sans l&rsquo;aide pr\u00e9cieuse de <a rel=\"noreferrer noopener\" href=\"http:\/\/nepsie.fr\/\" target=\"_blank\">Nepsie <\/a>sur la cr\u00e9ation graphique (logo, charte graphique) et la collaboration de <a rel=\"noreferrer noopener\" href=\"https:\/\/soundcloud.com\/oyzuu\" target=\"_blank\">Oyzuu <\/a>pour la cr\u00e9ation sonore (th\u00e8me du podcast, virgule) ainsi que ses conseils avis\u00e9s en montage son ! Chaque \u00e9pisode n&rsquo;existe que gr\u00e2ce \u00e0 la participation de camarades qui acceptent d&rsquo;\u00e9changer avec nous, et avec le soutien de celles et ceux qui nous pr\u00eatent leur voix pour lire les extraits cit\u00e9s, ou qui pr\u00eatent leurs oreilles \u00e0 une b\u00e9ta-\u00e9coute toujours bienvenue.<\/p>\n\n\n\n<p style=\"font-size:15px\">Ce site internet a \u00e9t\u00e9 r\u00e9alis\u00e9 gr\u00e2ce aux comp\u00e9tences et \u00e0 l&rsquo;aide de <a rel=\"noreferrer noopener\" href=\"https:\/\/twitter.com\/aPaulineR\" target=\"_blank\">Pauline<\/a>.<\/p>\n\n\n\n<p style=\"font-size:15px\">Si vous souhaitez nous proposer une th\u00e9matique pour un prochain \u00e9pisode, une collaboration ou \u00e9changer avec nous, n\u2019h\u00e9sitez pas \u00e0 nous contacter par mail contact[at]lestroispoints.com ou via le formulaire de contact ci-dessous.<\/p>\n\n\n\n<p style=\"font-size:15px\">Retrouvez-nous \u00e9galement via notre flux RSS ou sur les r\u00e9seaux sociaux.<\/p>\n\n\n\n<ul class=\"wp-block-social-links aligncenter is-layout-flex wp-block-social-links-is-layout-flex\"><li class=\"wp-social-link wp-social-link-feed  wp-block-social-link\"><a href=\"http:\/\/feeds.soundcloud.com\/users\/soundcloud:users:701315114\/sounds.rss\" class=\"wp-block-social-link-anchor\"><svg width=\"24\" height=\"24\" viewBox=\"0 0 24 24\" version=\"1.1\" xmlns=\"http:\/\/www.w3.org\/2000\/svg\" aria-hidden=\"true\" focusable=\"false\"><path d=\"M2,8.667V12c5.515,0,10,4.485,10,10h3.333C15.333,14.637,9.363,8.667,2,8.667z M2,2v3.333 c9.19,0,16.667,7.477,16.667,16.667H22C22,10.955,13.045,2,2,2z M4.5,17C3.118,17,2,18.12,2,19.5S3.118,22,4.5,22S7,20.88,7,19.5 S5.882,17,4.5,17z\"><\/path><\/svg><span class=\"wp-block-social-link-label screen-reader-text\">Flux RSS des Trois Points<\/span><\/a><\/li>\n\n<li class=\"wp-social-link wp-social-link-twitter  wp-block-social-link\"><a href=\"https:\/\/twitter.com\/LesTroisPoints_\" class=\"wp-block-social-link-anchor\"><svg width=\"24\" height=\"24\" viewBox=\"0 0 24 24\" version=\"1.1\" xmlns=\"http:\/\/www.w3.org\/2000\/svg\" aria-hidden=\"true\" focusable=\"false\"><path d=\"M22.23,5.924c-0.736,0.326-1.527,0.547-2.357,0.646c0.847-0.508,1.498-1.312,1.804-2.27 c-0.793,0.47-1.671,0.812-2.606,0.996C18.324,4.498,17.257,4,16.077,4c-2.266,0-4.103,1.837-4.103,4.103 c0,0.322,0.036,0.635,0.106,0.935C8.67,8.867,5.647,7.234,3.623,4.751C3.27,5.357,3.067,6.062,3.067,6.814 c0,1.424,0.724,2.679,1.825,3.415c-0.673-0.021-1.305-0.206-1.859-0.513c0,0.017,0,0.034,0,0.052c0,1.988,1.414,3.647,3.292,4.023 c-0.344,0.094-0.707,0.144-1.081,0.144c-0.264,0-0.521-0.026-0.772-0.074c0.522,1.63,2.038,2.816,3.833,2.85 c-1.404,1.1-3.174,1.756-5.096,1.756c-0.331,0-0.658-0.019-0.979-0.057c1.816,1.164,3.973,1.843,6.29,1.843 c7.547,0,11.675-6.252,11.675-11.675c0-0.178-0.004-0.355-0.012-0.531C20.985,7.47,21.68,6.747,22.23,5.924z\"><\/path><\/svg><span class=\"wp-block-social-link-label screen-reader-text\">Twitter des Trois Points<\/span><\/a><\/li><\/ul>\n\n\n\n<h5 class=\"wp-block-heading\">Formulaire de contact<\/h5>\n\n\n<div role=\"form\" class=\"wpcf7\" id=\"wpcf7-f27-o1\" lang=\"fr-FR\" dir=\"ltr\">\n<div class=\"screen-reader-response\"><p role=\"status\" aria-live=\"polite\" aria-atomic=\"true\"><\/p> <ul><\/ul><\/div>\n<form action=\"\/index.php\/wp-json\/wp\/v2\/pages\/19#wpcf7-f27-o1\" method=\"post\" class=\"wpcf7-form init\" novalidate=\"novalidate\" data-status=\"init\">\n<div style=\"display: none;\">\n<input type=\"hidden\" name=\"_wpcf7\" value=\"27\" \/>\n<input type=\"hidden\" name=\"_wpcf7_version\" value=\"5.3.2\" \/>\n<input type=\"hidden\" name=\"_wpcf7_locale\" value=\"fr_FR\" \/>\n<input type=\"hidden\" name=\"_wpcf7_unit_tag\" value=\"wpcf7-f27-o1\" \/>\n<input type=\"hidden\" name=\"_wpcf7_container_post\" value=\"0\" \/>\n<input type=\"hidden\" name=\"_wpcf7_posted_data_hash\" value=\"\" \/>\n<\/div>\n<p><label> Nom ou pseudo *<br \/>\n    <span class=\"wpcf7-form-control-wrap your-name\"><input type=\"text\" name=\"your-name\" value=\"\" size=\"40\" class=\"wpcf7-form-control wpcf7-text wpcf7-validates-as-required\" aria-required=\"true\" aria-invalid=\"false\" \/><\/span> <\/label><\/p>\n<p><label> Adresse email *<br \/>\n    <span class=\"wpcf7-form-control-wrap your-email\"><input type=\"email\" name=\"your-email\" value=\"\" size=\"40\" class=\"wpcf7-form-control wpcf7-text wpcf7-email wpcf7-validates-as-required wpcf7-validates-as-email\" aria-required=\"true\" aria-invalid=\"false\" \/><\/span> <\/label><\/p>\n<p><label> Message<br \/>\n    <span class=\"wpcf7-form-control-wrap your-message\"><textarea name=\"your-message\" cols=\"40\" rows=\"10\" class=\"wpcf7-form-control wpcf7-textarea\" aria-invalid=\"false\"><\/textarea><\/span> <\/label><\/p>\n<p><input type=\"submit\" value=\"Envoyer\" class=\"wpcf7-form-control wpcf7-submit\" \/><\/p>\n<p style=\"display: none !important;\" class=\"akismet-fields-container\" data-prefix=\"_wpcf7_ak_\"><label>&#916;<textarea name=\"_wpcf7_ak_hp_textarea\" cols=\"45\" rows=\"8\" maxlength=\"100\"><\/textarea><\/label><input type=\"hidden\" id=\"ak_js_1\" name=\"_wpcf7_ak_js\" value=\"99\"\/><script>document.getElementById( \"ak_js_1\" ).setAttribute( \"value\", ( new Date() ).getTime() );<\/script><\/p><div class=\"wpcf7-response-output\" aria-hidden=\"true\"><\/div><\/form><\/div>\n\n\n\n<p><\/p>\n","protected":false},"excerpt":{"rendered":"<p>Les Trois Points est un podcast ind\u00e9pendant sur nos v\u00e9cus anarchistes. C\u2019est un projet collaboratif, anarchiste et libertaire. Il a&hellip; <a class=\"read-more\" href=\"https:\/\/lestroispoints.com\/index.php\/a-propos\/\">Lire la suite <span class=\"screen-reader-text\">A Propos<\/span><\/a><\/p>\n","protected":false},"author":2,"featured_media":0,"parent":0,"menu_order":0,"comment_status":"closed","ping_status":"closed","template":"","meta":{"spay_email":"","footnotes":""},"class_list":["post-19","page","type-page","status-publish","hentry"],"_links":{"self":[{"href":"https:\/\/lestroispoints.com\/index.php\/wp-json\/wp\/v2\/pages\/19","targetHints":{"allow":["GET"]}}],"collection":[{"href":"https:\/\/lestroispoints.com\/index.php\/wp-json\/wp\/v2\/pages"}],"about":[{"href":"https:\/\/lestroispoints.com\/index.php\/wp-json\/wp\/v2\/types\/page"}],"author":[{"embeddable":true,"href":"https:\/\/lestroispoints.com\/index.php\/wp-json\/wp\/v2\/users\/2"}],"replies":[{"embeddable":true,"href":"https:\/\/lestroispoints.com\/index.php\/wp-json\/wp\/v2\/comments?post=19"}],"version-history":[{"count":8,"href":"https:\/\/lestroispoints.com\/index.php\/wp-json\/wp\/v2\/pages\/19\/revisions"}],"predecessor-version":[{"id":155,"href":"https:\/\/lestroispoints.com\/index.php\/wp-json\/wp\/v2\/pages\/19\/revisions\/155"}],"wp:attachment":[{"href":"https:\/\/lestroispoints.com\/index.php\/wp-json\/wp\/v2\/media?parent=19"}],"curies":[{"name":"wp","href":"https:\/\/api.w.org\/{rel}","templated":true}]}}