{"id":146,"date":"2020-12-02T15:28:08","date_gmt":"2020-12-02T14:28:08","guid":{"rendered":"http:\/\/lestroispoints.com\/?page_id=146"},"modified":"2020-12-02T15:28:08","modified_gmt":"2020-12-02T14:28:08","slug":"anarchie101","status":"publish","type":"page","link":"https:\/\/lestroispoints.com\/index.php\/anarchie101\/","title":{"rendered":"Anarchie101"},"content":{"rendered":"\n<p style=\"font-size:15px\"><strong>Anarchie101 ce sont des \u00e9pisodes un peu plus th\u00e9oriques qui vous proposent de r\u00e9fl\u00e9chir \u00e0 des concepts qui se trouvent au c\u0153ur des convictions libertaires et anarchistes.<\/strong><\/p>\n\n\n\n<iframe loading=\"lazy\" width=\"100%\" height=\"350\" scrolling=\"no\" frameborder=\"no\" allow=\"autoplay\" src=\"https:\/\/w.soundcloud.com\/player\/?url=https%3A\/\/api.soundcloud.com\/playlists\/1147208506&#038;color=%23916ba1&#038;auto_play=false&#038;hide_related=true&#038;show_comments=false&#038;show_user=false&#038;show_reposts=false&#038;show_teaser=false\"><\/iframe><div style=\"font-size: 10px; color: #cccccc;line-break: anywhere;word-break: normal;overflow: hidden;white-space: nowrap;text-overflow: ellipsis; font-family: Interstate,Lucida Grande,Lucida Sans Unicode,Lucida Sans,Garuda,Verdana,Tahoma,sans-serif;font-weight: 100;\"> <\/div>\n\n\n\n<p style=\"font-size:14px\">Il nous semble qu&rsquo;en ce qui concerne l\u2019<strong>anti-capitalisme<\/strong>, il n&rsquo;y a pas vraiment d\u00e9bat parmi les mouvances de gauche. Et pour celles et ceux qui se questionnent encore sur ces questions, les sources pour s\u2019informer sur le sujet ne manquent pas. Avec les \u00e9pisodes d&rsquo;Anarchie101, plus p\u00e9dagogiques et th\u00e9oriques, l\u2019enjeu est donc de r\u00e9pondre aux doutes et r\u00e9sistances que l\u2019on rencontre souvent face aux <strong>convictions anti-autoritaires <\/strong>de l\u2019anarchisme.<\/p>\n\n\n\n<p style=\"font-size:14px\">Mais l\u2019anti-autoritarisme, c\u2019est quoi? C\u2019est le refus de toutes les hi\u00e9rarchies, le refus des rapports de pouvoir qui l\u00e9gitiment les oppressions, toutes les oppressions. Notamment les dynamiques sp\u00e9cifiques aux rapports de pouvoir li\u00e9s au genre, \u00e0 la sexualit\u00e9, aux cultures, religions, etc&#8230; Dans cette lutte contre les hi\u00e9rarchies, les anarchistes souhaitent abattre ce qui par essence donne \u00e0 des individus du pouvoir sur d\u2019autres : la d\u00e9l\u00e9gation de pouvoir qu\u2019implique le gouvernement. C\u2019est pourquoi, contrairement \u00e0 d\u2019autres formes de socialismes, les anarchistes visent explicitement l\u2019abolition de l\u2019\u00c9tat.<\/p>\n\n\n\n<p style=\"font-size:14px\">Cependant, l&rsquo;anti-autoritarisme n&rsquo;est pas simplement une question de gouvernement. Il am\u00e8ne \u00e0 questionner l&rsquo;ensemble de l&rsquo;organisation sociale, \u00e0 partir de nos modes de relations aux autres jusqu&rsquo;\u00e0 l&rsquo;organisation de l&rsquo;\u00e9conomie. L&rsquo;anti-autoritarisme place l&rsquo;auto-d\u00e9termination des individus &amp; l&rsquo;auto-gestion au c\u0153ur de l&rsquo;organisation politique.<\/p>\n\n\n\n<h4 class=\"wp-block-heading\">Pour en savoir plus<\/h4>\n\n\n\n<p style=\"font-size:14px\">La N\u00e9buleuse propose deux s\u00e9lections de livres pour d\u00e9couvrir l&rsquo;anarchisme <a href=\"https:\/\/danslanebuleuse.fr\/2017\/10\/09\/3-livres-pour-decouvrir-lanarchisme-et-plus-encore\/\" data-type=\"URL\" data-id=\"https:\/\/danslanebuleuse.fr\/2017\/10\/09\/3-livres-pour-decouvrir-lanarchisme-et-plus-encore\/\" target=\"_blank\" rel=\"noreferrer noopener\">ici <\/a>et <a href=\"https:\/\/danslanebuleuse.fr\/2020\/04\/04\/3-autres-livres-pour-redecouvrir-lanarchisme\/\" data-type=\"URL\" data-id=\"https:\/\/danslanebuleuse.fr\/2020\/04\/04\/3-autres-livres-pour-redecouvrir-lanarchisme\/\" target=\"_blank\" rel=\"noreferrer noopener\">l\u00e0<\/a>. <\/p>\n\n\n\n<p><\/p>\n","protected":false},"excerpt":{"rendered":"<p>Anarchie101 ce sont des \u00e9pisodes un peu plus th\u00e9oriques qui vous proposent de r\u00e9fl\u00e9chir \u00e0 des concepts qui se trouvent&hellip; <a class=\"read-more\" href=\"https:\/\/lestroispoints.com\/index.php\/anarchie101\/\">Lire la suite <span class=\"screen-reader-text\">Anarchie101<\/span><\/a><\/p>\n","protected":false},"author":1,"featured_media":0,"parent":0,"menu_order":0,"comment_status":"closed","ping_status":"closed","template":"","meta":{"spay_email":"","footnotes":""},"class_list":["post-146","page","type-page","status-publish","hentry"],"_links":{"self":[{"href":"https:\/\/lestroispoints.com\/index.php\/wp-json\/wp\/v2\/pages\/146","targetHints":{"allow":["GET"]}}],"collection":[{"href":"https:\/\/lestroispoints.com\/index.php\/wp-json\/wp\/v2\/pages"}],"about":[{"href":"https:\/\/lestroispoints.com\/index.php\/wp-json\/wp\/v2\/types\/page"}],"author":[{"embeddable":true,"href":"https:\/\/lestroispoints.com\/index.php\/wp-json\/wp\/v2\/users\/1"}],"replies":[{"embeddable":true,"href":"https:\/\/lestroispoints.com\/index.php\/wp-json\/wp\/v2\/comments?post=146"}],"version-history":[{"count":2,"href":"https:\/\/lestroispoints.com\/index.php\/wp-json\/wp\/v2\/pages\/146\/revisions"}],"predecessor-version":[{"id":151,"href":"https:\/\/lestroispoints.com\/index.php\/wp-json\/wp\/v2\/pages\/146\/revisions\/151"}],"wp:attachment":[{"href":"https:\/\/lestroispoints.com\/index.php\/wp-json\/wp\/v2\/media?parent=146"}],"curies":[{"name":"wp","href":"https:\/\/api.w.org\/{rel}","templated":true}]}}